{"id":51199,"date":"2017-03-29T13:17:14","date_gmt":"2017-03-29T19:17:14","guid":{"rendered":"https:\/\/centrourbano.com\/?page_id=51199"},"modified":"2020-04-23T11:17:13","modified_gmt":"2020-04-23T16:17:13","slug":"venta","status":"publish","type":"page","link":"https:\/\/centrourbano.com\/revista\/venta\/","title":{"rendered":"Venta de publicaciones"},"content":{"rendered":"<h3><img loading=\"lazy\" decoding=\"async\" class=\"aligncenter size-full wp-image-72940\" src=\"https:\/\/centrourbano.com\/revista\/wp-content\/uploads\/banner_libro_urbanismo2018.jpg\" alt=\"\" width=\"850\" height=\"390\" srcset=\"https:\/\/centrourbano.com\/revista\/wp-content\/uploads\/banner_libro_urbanismo2018.jpg 850w, https:\/\/centrourbano.com\/revista\/wp-content\/uploads\/banner_libro_urbanismo2018-300x138.jpg 300w, https:\/\/centrourbano.com\/revista\/wp-content\/uploads\/banner_libro_urbanismo2018-768x352.jpg 768w\" sizes=\"auto, (max-width: 850px) 100vw, 850px\" \/><\/h3>\n<h3><span style=\"color: #3480ba;\"><strong>#BLOG<\/strong>DE<strong>URBANISMO<br \/>\nAqu\u00ed hablamos de ciudad II<br \/>\n<\/strong><\/span><span style=\"color: #999999;\"><strong>____________________________________<\/strong><\/span><\/h3>\n<p><span style=\"color: #3480ba;\"><strong>Precio unitario: $300.00<\/strong><\/span><\/p>\n<p><strong>Gastos de env\u00edo | Selecciona tu Ciudad<br \/>\n<\/strong>\u2022 \u00c1rea Metropolitana\u00a0<span style=\"color: #3480ba;\">$50.00<\/span><br \/>\n\u2022 Monterrey, Guadalajara y Veracruz\u00a0<span style=\"color: #3480ba;\">$175.00<\/span><br \/>\n\u2022 Otras ciudades\u00a0<span style=\"color: #3480ba;\">$250.00<\/span><\/p>\n<p>____________________________________<\/p>\n<h3><span style=\"color: #3480ba;\"><strong><img loading=\"lazy\" decoding=\"async\" class=\"aligncenter size-full wp-image-72871\" src=\"https:\/\/centrourbano.com\/revista\/wp-content\/uploads\/banner_libro_ABC.jpg\" alt=\"\" width=\"850\" height=\"390\" srcset=\"https:\/\/centrourbano.com\/revista\/wp-content\/uploads\/banner_libro_ABC.jpg 850w, https:\/\/centrourbano.com\/revista\/wp-content\/uploads\/banner_libro_ABC-300x138.jpg 300w, https:\/\/centrourbano.com\/revista\/wp-content\/uploads\/banner_libro_ABC-768x352.jpg 768w\" sizes=\"auto, (max-width: 850px) 100vw, 850px\" \/><br \/>\nABC DE LA CUENTA SAT\u00c9LITE<br \/>\nDE VIVIENDA DE M\u00c9XICO<br \/>\n<\/strong><\/span><\/h3>\n<p class=\"p1\"><span class=\"s1\"><strong><b>Utilidad, Metodolog\u00eda y Resultados<\/b> \/\u00a0\u00a0<\/strong>Ignacio Beteta Vallejo<br \/>\n<\/span><span style=\"color: #999999;\"><strong>____________________________________<br \/>\n<\/strong><\/span><\/p>\n<p><span style=\"color: #3480ba;\"><strong>Precio unitario: $500.00<\/strong><\/span><\/p>\n<p><strong>Gastos de env\u00edo | Selecciona tu Ciudad<br \/>\n<\/strong>\u2022 \u00c1rea Metropolitana\u00a0<span style=\"color: #3480ba;\">$50.00<\/span><br \/>\n\u2022 Monterrey, Guadalajara y Veracruz\u00a0<span style=\"color: #3480ba;\">$175.00<\/span><br \/>\n\u2022 Otras ciudades\u00a0<span style=\"color: #3480ba;\">$250.00<\/span><\/p>\n<p class=\"p1\"><span style=\"color: #999999;\"><strong>____________________________________<br \/>\n<\/strong><\/span><\/p>\n<h3><span style=\"color: #3480ba;\"><strong><img loading=\"lazy\" decoding=\"async\" class=\"aligncenter size-full wp-image-72864\" src=\"https:\/\/centrourbano.com\/revista\/wp-content\/uploads\/banner_libro2017_1.jpg\" alt=\"\" width=\"850\" height=\"390\" srcset=\"https:\/\/centrourbano.com\/revista\/wp-content\/uploads\/banner_libro2017_1.jpg 850w, https:\/\/centrourbano.com\/revista\/wp-content\/uploads\/banner_libro2017_1-300x138.jpg 300w, https:\/\/centrourbano.com\/revista\/wp-content\/uploads\/banner_libro2017_1-768x352.jpg 768w\" sizes=\"auto, (max-width: 850px) 100vw, 850px\" \/><\/strong><\/span><\/h3>\n<h3><span style=\"color: #3480ba;\"><strong><br \/>\nLibro Hombres y Mujeres \u00a02017<\/strong><\/span><\/h3>\n<p class=\"p1\"><span class=\"s1\">El\u00a0<strong>Libro Hombres y Mujeres de la Casa 2017<\/strong>, editado por Centro Urbano, contiene una compilaci\u00f3n de las entrevistas publicadas mes a mes en la Revista Hombres y Mujeres de la Casa.<br \/>\n<\/span><span class=\"s1\">Incluye colaboraciones de los expertos en temas de vivienda, inmobiliario, urbanismo, arquitectura, hipotecario, sustentabilidad y financiero, quienes dan un panorama m\u00e1s amplio del sector.<\/span><\/p>\n<p><span style=\"color: #999999;\"><strong>____________________________________<\/strong><\/span><\/p>\n<p><span style=\"color: #3480ba;\"><strong>Precio unitario: $400.00<\/strong><\/span><\/p>\n<p><strong>Gastos de env\u00edo | Selecciona tu Ciudad<br \/>\n<\/strong>\u2022 \u00c1rea Metropolitana\u00a0<span style=\"color: #3480ba;\">$50.00<\/span><br \/>\n\u2022 Monterrey, Guadalajara y Veracruz\u00a0<span style=\"color: #3480ba;\">$175.00<\/span><br \/>\n\u2022 Otras ciudades\u00a0<span style=\"color: #3480ba;\">$250.00<\/span><\/p>\n<p><span style=\"color: #999999;\"><strong>____________________________________<\/strong><\/span><\/p>\n<h3><span style=\"color: #3480ba;\"><strong><img loading=\"lazy\" decoding=\"async\" class=\"aligncenter size-full wp-image-51369\" src=\"https:\/\/centrourbano.com\/revista\/wp-content\/uploads\/banner_libro2017.jpg\" alt=\"\" width=\"850\" height=\"390\" srcset=\"https:\/\/centrourbano.com\/revista\/wp-content\/uploads\/banner_libro2017.jpg 850w, https:\/\/centrourbano.com\/revista\/wp-content\/uploads\/banner_libro2017-300x138.jpg 300w, https:\/\/centrourbano.com\/revista\/wp-content\/uploads\/banner_libro2017-768x352.jpg 768w\" sizes=\"auto, (max-width: 850px) 100vw, 850px\" \/><br \/>\n<\/strong><\/span><span style=\"color: #3480ba;\"><strong>Libro Hombres y Mujeres \u00a02016<\/strong><\/span><\/h3>\n<p class=\"p1\"><span class=\"s1\">El <strong>Libro Hombres y Mujeres de la Casa 2016<\/strong>, editado por Centro Urbano, contiene una compilaci\u00f3n de las entrevistas publicadas mes a mes en la Revista Hombres y Mujeres de la Casa.<br \/>\n<\/span><span class=\"s1\">Adem\u00e1s, incluye colaboraciones de los expertos en temas de vivienda, inmobiliario, urbanismo, arquitectura, hipotecario, sustentabilidad y financiero, quienes dan un panorama m\u00e1s amplio del sector.<\/span><\/p>\n<p><span style=\"color: #999999;\"><strong>____________________________________<\/strong><\/span><\/p>\n<p><span style=\"color: #3480ba;\"><strong>Precio unitario: $400.00<\/strong><\/span><\/p>\n<p><strong>Gastos de env\u00edo | Selecciona tu Ciudad<br \/>\n<\/strong>\u2022 \u00c1rea Metropolitana <span style=\"color: #3480ba;\">$50.00<\/span><br \/>\n\u2022 Monterrey, Guadalajara y Veracruz <span style=\"color: #3480ba;\">$175.00<\/span><br \/>\n\u2022 Otras ciudades <span style=\"color: #3480ba;\">$250.00<\/span><\/p>\n<p><span style=\"color: #999999;\"><strong>____________________________________<\/strong><\/span><\/p>\n<p><strong>Formas de pago<br \/>\n<\/strong>1. Transferencia bancaria.<br \/>\n2. Dep\u00f3sito bancario.<br \/>\n3. Pago en efectivo contra entrega del libro (solo DF).<br \/>\n4. Paypal.<\/p>\n<table style=\"border: 1px solid #999;\">\n<tbody>\n<tr style=\"border: 1px solid #999;\">\n<td><span style=\"color: #3480ba;\"><strong>OPCIONES | solo pago con PayPal<\/strong><\/span><\/td>\n<\/tr>\n<tr style=\"border: 1px solid #999;\">\n<td><select name=\"os0\"><option value=\"Precio unitario: $400.00 MXN + envio area Metropolitana $ 50.00 MXN\">Precio unitario: $400.00 MXN + envio area Metropolitana $ 50.00 MXN<\/option><option value=\"Precio unitario: $400.00 MXN \u00a0+ envio Monterrey, Guadalajara y Veracruz $175.00\">Precio unitario: $400.00 MXN \u00a0+ envio Monterrey, Guadalajara y Veracruz $175.00<\/option><option value=\"Precio unitario: $400.00 MXN \u00a0+ envio otras ciudades $250.00\">Precio unitario: $400.00 MXN \u00a0+ envio otras ciudades $250.00<\/option><\/select><\/td>\n<\/tr>\n<\/tbody>\n<\/table>\n<p><input alt=\"PayPal, la forma m\u00e1s segura y r\u00e1pida de pagar en l\u00ednea.\" name=\"submit\" src=\"https:\/\/www.paypalobjects.com\/webstatic\/es_MX\/mktg\/logos-buttons\/redesign\/btn_12.png\" type=\"image\" \/><\/p>\n<p>&nbsp;<\/p>\n<img loading=\"lazy\" decoding=\"async\" class=\"aligncenter size-full wp-image-52013\" src=\"https:\/\/centrourbano.com\/revista\/wp-content\/uploads\/banner_libro_urbanismo2017.png\" alt=\"\" width=\"850\" height=\"390\" srcset=\"https:\/\/centrourbano.com\/revista\/wp-content\/uploads\/banner_libro_urbanismo2017.png 850w, https:\/\/centrourbano.com\/revista\/wp-content\/uploads\/banner_libro_urbanismo2017-300x138.png 300w, https:\/\/centrourbano.com\/revista\/wp-content\/uploads\/banner_libro_urbanismo2017-768x352.png 768w\" sizes=\"auto, (max-width: 850px) 100vw, 850px\" \/>\n<h3><span style=\"color: #3480ba;\"><strong>#BLOG<\/strong>DE<strong>URBANISMO<\/strong><\/span><\/h3>\n<p><span style=\"color: #999999;\"><strong>____________________________________<\/strong><\/span><\/p>\n<p><span style=\"color: #3480ba;\"><strong>Precio unitario: $350.00<\/strong><\/span><\/p>\n<p><strong>Gastos de env\u00edo | Selecciona tu Ciudad<br \/>\n<\/strong>\u2022 \u00c1rea Metropolitana <span style=\"color: #3480ba;\">$50.00<\/span><br \/>\n\u2022 Monterrey, Guadalajara y Veracruz <span style=\"color: #3480ba;\">$175.00<\/span><br \/>\n\u2022 Otras ciudades <span style=\"color: #3480ba;\">$250.00<\/span><\/p>\n<p><span style=\"color: #999999;\"><strong>____________________________________<\/strong><\/span><\/p>\n<p><strong>Formas de pago<br \/>\n<\/strong>1. Transferencia bancaria.<br \/>\n2. Dep\u00f3sito bancario.<br \/>\n3. Pago en efectivo contra entrega del libro (solo DF).<br \/>\n4. Paypal.<br \/>\n<input name=\"currency_code\" type=\"hidden\" value=\"MXN\" \/><br \/>\n<input name=\"bn\" type=\"hidden\" value=\"PP-BuyNowBF:btn_buynowCC_LG.gif:NonHostedGuest\" \/><\/p>\n<table style=\"border: 1px solid #999;\">\n<tbody>\n<tr style=\"border: 1px solid #999;\">\n<td><span style=\"color: #3480ba;\"><strong>OPCIONES | solo pago con PayPal<\/strong><\/span><\/td>\n<\/tr>\n<tr style=\"border: 1px solid #999;\">\n<td><select name=\"os0\"><option value=\"Precio unitario: $350.00 MXN + envio area Metropolitana $ 50.00 MXN\">Precio unitario: $350.00 MXN + envio area Metropolitana $ 50.00 MXN<\/option><option value=\"Precio unitario: $350.00 MXN + envio Monterrey, Guadalajara y Veracruz $175.00\">Precio unitario: $350.00 MXN + envio Monterrey, Guadalajara y Veracruz $175.00<\/option><option value=\"Precio unitario: $350.00 MXN + envio otras ciudades $250.00\">Precio unitario: $350.00 MXN + envio otras ciudades $250.00<\/option><\/select><\/td>\n<\/tr>\n<\/tbody>\n<\/table>\n<p><input alt=\"PayPal, la forma m\u00e1s segura y r\u00e1pida de pagar en l\u00ednea.\" name=\"submit\" src=\"https:\/\/www.paypalobjects.com\/webstatic\/es_MX\/mktg\/logos-buttons\/redesign\/btn_12.png\" type=\"image\" \/><br \/>\n<img loading=\"lazy\" decoding=\"async\" src=\"https:\/\/www.paypalobjects.com\/en_US\/i\/scr\/pixel.gif\" alt=\"\" width=\"1\" height=\"1\" border=\"0\" \/><\/p>\n<p>[adinserter block=\u00bb1&#8243;]<\/p>\n<p><span style=\"color: #999999;\"><strong>____________________________________<\/strong><\/span><\/p>\n<p><strong>+ INFORMES<\/strong><br \/>\n<a href=\"mailto:finanzas@centrourbano.com\">finanzas@centrourbano.com<\/a><br \/>\nTel +52 (55) 5687-4873 ext. 18<\/p>\n","protected":false},"excerpt":{"rendered":"<p>#BLOGDEURBANISMO Aqu\u00ed hablamos de ciudad II ____________________________________ Precio unitario: $300.00 Gastos de env\u00edo | Selecciona tu Ciudad \u2022 \u00c1rea Metropolitana\u00a0$50.00 \u2022 Monterrey, Guadalajara y Veracruz\u00a0$175.00 \u2022 Otras ciudades\u00a0$250.00 ____________________________________ ABC DE LA CUENTA SAT\u00c9LITE DE VIVIENDA DE M\u00c9XICO Utilidad, Metodolog\u00eda y Resultados \/\u00a0\u00a0Ignacio Beteta Vallejo ____________________________________ Precio unitario: $500.00 Gastos de env\u00edo | Selecciona tu [&hellip;]<\/p>\n","protected":false},"author":1,"featured_media":51369,"parent":0,"menu_order":0,"comment_status":"closed","ping_status":"closed","template":"","meta":{"om_disable_all_campaigns":false,"inline_featured_image":false,"_monsterinsights_skip_tracking":false,"_monsterinsights_sitenote_active":false,"_monsterinsights_sitenote_note":"","_monsterinsights_sitenote_category":0,"footnotes":""},"class_list":["post-51199","page","type-page","status-publish","has-post-thumbnail","hentry"],"yoast_head":"<!-- This site is optimized with the Yoast SEO plugin v27.3 - https:\/\/yoast.com\/product\/yoast-seo-wordpress\/ -->\n<title>Venta de publicaciones - Centro Urbano<\/title>\n<meta name=\"robots\" content=\"index, follow, max-snippet:-1, max-image-preview:large, max-video-preview:-1\" \/>\n<link rel=\"canonical\" href=\"https:\/\/centrourbano.com\/revista\/venta\/\" \/>\n<meta property=\"og:locale\" content=\"es_ES\" \/>\n<meta property=\"og:type\" content=\"article\" \/>\n<meta property=\"og:title\" content=\"Venta de publicaciones - Centro Urbano\" \/>\n<meta property=\"og:description\" content=\"#BLOGDEURBANISMO Aqu\u00ed hablamos de ciudad II ____________________________________ Precio unitario: $300.00 Gastos de env\u00edo | Selecciona tu Ciudad \u2022 \u00c1rea Metropolitana\u00a0$50.00 \u2022 Monterrey, Guadalajara y Veracruz\u00a0$175.00 \u2022 Otras ciudades\u00a0$250.00 ____________________________________ ABC DE LA CUENTA SAT\u00c9LITE DE VIVIENDA DE M\u00c9XICO Utilidad, Metodolog\u00eda y Resultados \/\u00a0\u00a0Ignacio Beteta Vallejo ____________________________________ Precio unitario: $500.00 Gastos de env\u00edo | Selecciona tu [&hellip;]\" \/>\n<meta property=\"og:url\" content=\"https:\/\/centrourbano.com\/revista\/venta\/\" \/>\n<meta property=\"og:site_name\" content=\"Centro Urbano\" \/>\n<meta property=\"article:publisher\" content=\"https:\/\/www.facebook.com\/portalcentrourbano\" \/>\n<meta property=\"article:modified_time\" content=\"2020-04-23T16:17:13+00:00\" \/>\n<meta property=\"og:image\" content=\"https:\/\/centrourbano.com\/revista\/wp-content\/uploads\/banner_libro2017.jpg\" \/>\n\t<meta property=\"og:image:width\" content=\"850\" \/>\n\t<meta property=\"og:image:height\" content=\"390\" \/>\n\t<meta property=\"og:image:type\" content=\"image\/jpeg\" \/>\n<meta name=\"twitter:card\" content=\"summary_large_image\" \/>\n<meta name=\"twitter:site\" content=\"@CentroUrbano\" \/>\n<meta name=\"twitter:label1\" content=\"Tiempo de lectura\" \/>\n\t<meta name=\"twitter:data1\" content=\"2 minutos\" \/>\n<script type=\"application\/ld+json\" class=\"yoast-schema-graph\">{\"@context\":\"https:\\\/\\\/schema.org\",\"@graph\":[{\"@type\":\"WebPage\",\"@id\":\"https:\\\/\\\/centrourbano.com\\\/revista\\\/venta\\\/\",\"url\":\"https:\\\/\\\/centrourbano.com\\\/revista\\\/venta\\\/\",\"name\":\"Venta de publicaciones - Centro Urbano\",\"isPartOf\":{\"@id\":\"https:\\\/\\\/centrourbano.com\\\/revista\\\/#website\"},\"primaryImageOfPage\":{\"@id\":\"https:\\\/\\\/centrourbano.com\\\/revista\\\/venta\\\/#primaryimage\"},\"image\":{\"@id\":\"https:\\\/\\\/centrourbano.com\\\/revista\\\/venta\\\/#primaryimage\"},\"thumbnailUrl\":\"https:\\\/\\\/centrourbano.com\\\/revista\\\/wp-content\\\/uploads\\\/banner_libro2017.jpg\",\"datePublished\":\"2017-03-29T19:17:14+00:00\",\"dateModified\":\"2020-04-23T16:17:13+00:00\",\"breadcrumb\":{\"@id\":\"https:\\\/\\\/centrourbano.com\\\/revista\\\/venta\\\/#breadcrumb\"},\"inLanguage\":\"es\",\"potentialAction\":[{\"@type\":\"ReadAction\",\"target\":[\"https:\\\/\\\/centrourbano.com\\\/revista\\\/venta\\\/\"]}]},{\"@type\":\"ImageObject\",\"inLanguage\":\"es\",\"@id\":\"https:\\\/\\\/centrourbano.com\\\/revista\\\/venta\\\/#primaryimage\",\"url\":\"https:\\\/\\\/centrourbano.com\\\/revista\\\/wp-content\\\/uploads\\\/banner_libro2017.jpg\",\"contentUrl\":\"https:\\\/\\\/centrourbano.com\\\/revista\\\/wp-content\\\/uploads\\\/banner_libro2017.jpg\",\"width\":850,\"height\":390},{\"@type\":\"BreadcrumbList\",\"@id\":\"https:\\\/\\\/centrourbano.com\\\/revista\\\/venta\\\/#breadcrumb\",\"itemListElement\":[{\"@type\":\"ListItem\",\"position\":1,\"name\":\"Portada\",\"item\":\"https:\\\/\\\/centrourbano.com\\\/revista\\\/\"},{\"@type\":\"ListItem\",\"position\":2,\"name\":\"Venta de publicaciones\"}]},{\"@type\":\"WebSite\",\"@id\":\"https:\\\/\\\/centrourbano.com\\\/revista\\\/#website\",\"url\":\"https:\\\/\\\/centrourbano.com\\\/revista\\\/\",\"name\":\"Centro Urbano\",\"description\":\"Medio especializado en los sectores vivienda, inmobiliario, construcci\u00f3n, arquitectura y urbanismo.\",\"publisher\":{\"@id\":\"https:\\\/\\\/centrourbano.com\\\/revista\\\/#organization\"},\"potentialAction\":[{\"@type\":\"SearchAction\",\"target\":{\"@type\":\"EntryPoint\",\"urlTemplate\":\"https:\\\/\\\/centrourbano.com\\\/revista\\\/?s={search_term_string}\"},\"query-input\":{\"@type\":\"PropertyValueSpecification\",\"valueRequired\":true,\"valueName\":\"search_term_string\"}}],\"inLanguage\":\"es\"},{\"@type\":\"Organization\",\"@id\":\"https:\\\/\\\/centrourbano.com\\\/revista\\\/#organization\",\"name\":\"Centro Urbano\",\"url\":\"https:\\\/\\\/centrourbano.com\\\/revista\\\/\",\"logo\":{\"@type\":\"ImageObject\",\"inLanguage\":\"es\",\"@id\":\"https:\\\/\\\/centrourbano.com\\\/revista\\\/#\\\/schema\\\/logo\\\/image\\\/\",\"url\":\"https:\\\/\\\/centrourbano.com\\\/revista\\\/wp-content\\\/uploads\\\/web_CU_logo-1.png\",\"contentUrl\":\"https:\\\/\\\/centrourbano.com\\\/revista\\\/wp-content\\\/uploads\\\/web_CU_logo-1.png\",\"width\":350,\"height\":91,\"caption\":\"Centro Urbano\"},\"image\":{\"@id\":\"https:\\\/\\\/centrourbano.com\\\/revista\\\/#\\\/schema\\\/logo\\\/image\\\/\"},\"sameAs\":[\"https:\\\/\\\/www.facebook.com\\\/portalcentrourbano\",\"https:\\\/\\\/x.com\\\/CentroUrbano\",\"https:\\\/\\\/www.instagram.com\\\/centro_urbano\\\/\",\"https:\\\/\\\/www.linkedin.com\\\/company\\\/centro-urbano\\\/\",\"http:\\\/\\\/www.youtube.com\\\/user\\\/portalcentrourbano\"]}]}<\/script>\n<!-- \/ Yoast SEO plugin. -->","yoast_head_json":{"title":"Venta de publicaciones - Centro Urbano","robots":{"index":"index","follow":"follow","max-snippet":"max-snippet:-1","max-image-preview":"max-image-preview:large","max-video-preview":"max-video-preview:-1"},"canonical":"https:\/\/centrourbano.com\/revista\/venta\/","og_locale":"es_ES","og_type":"article","og_title":"Venta de publicaciones - Centro Urbano","og_description":"#BLOGDEURBANISMO Aqu\u00ed hablamos de ciudad II ____________________________________ Precio unitario: $300.00 Gastos de env\u00edo | Selecciona tu Ciudad \u2022 \u00c1rea Metropolitana\u00a0$50.00 \u2022 Monterrey, Guadalajara y Veracruz\u00a0$175.00 \u2022 Otras ciudades\u00a0$250.00 ____________________________________ ABC DE LA CUENTA SAT\u00c9LITE DE VIVIENDA DE M\u00c9XICO Utilidad, Metodolog\u00eda y Resultados \/\u00a0\u00a0Ignacio Beteta Vallejo ____________________________________ Precio unitario: $500.00 Gastos de env\u00edo | Selecciona tu [&hellip;]","og_url":"https:\/\/centrourbano.com\/revista\/venta\/","og_site_name":"Centro Urbano","article_publisher":"https:\/\/www.facebook.com\/portalcentrourbano","article_modified_time":"2020-04-23T16:17:13+00:00","og_image":[{"width":850,"height":390,"url":"https:\/\/centrourbano.com\/revista\/wp-content\/uploads\/banner_libro2017.jpg","type":"image\/jpeg"}],"twitter_card":"summary_large_image","twitter_site":"@CentroUrbano","twitter_misc":{"Tiempo de lectura":"2 minutos"},"schema":{"@context":"https:\/\/schema.org","@graph":[{"@type":"WebPage","@id":"https:\/\/centrourbano.com\/revista\/venta\/","url":"https:\/\/centrourbano.com\/revista\/venta\/","name":"Venta de publicaciones - Centro Urbano","isPartOf":{"@id":"https:\/\/centrourbano.com\/revista\/#website"},"primaryImageOfPage":{"@id":"https:\/\/centrourbano.com\/revista\/venta\/#primaryimage"},"image":{"@id":"https:\/\/centrourbano.com\/revista\/venta\/#primaryimage"},"thumbnailUrl":"https:\/\/centrourbano.com\/revista\/wp-content\/uploads\/banner_libro2017.jpg","datePublished":"2017-03-29T19:17:14+00:00","dateModified":"2020-04-23T16:17:13+00:00","breadcrumb":{"@id":"https:\/\/centrourbano.com\/revista\/venta\/#breadcrumb"},"inLanguage":"es","potentialAction":[{"@type":"ReadAction","target":["https:\/\/centrourbano.com\/revista\/venta\/"]}]},{"@type":"ImageObject","inLanguage":"es","@id":"https:\/\/centrourbano.com\/revista\/venta\/#primaryimage","url":"https:\/\/centrourbano.com\/revista\/wp-content\/uploads\/banner_libro2017.jpg","contentUrl":"https:\/\/centrourbano.com\/revista\/wp-content\/uploads\/banner_libro2017.jpg","width":850,"height":390},{"@type":"BreadcrumbList","@id":"https:\/\/centrourbano.com\/revista\/venta\/#breadcrumb","itemListElement":[{"@type":"ListItem","position":1,"name":"Portada","item":"https:\/\/centrourbano.com\/revista\/"},{"@type":"ListItem","position":2,"name":"Venta de publicaciones"}]},{"@type":"WebSite","@id":"https:\/\/centrourbano.com\/revista\/#website","url":"https:\/\/centrourbano.com\/revista\/","name":"Centro Urbano","description":"Medio especializado en los sectores vivienda, inmobiliario, construcci\u00f3n, arquitectura y urbanismo.","publisher":{"@id":"https:\/\/centrourbano.com\/revista\/#organization"},"potentialAction":[{"@type":"SearchAction","target":{"@type":"EntryPoint","urlTemplate":"https:\/\/centrourbano.com\/revista\/?s={search_term_string}"},"query-input":{"@type":"PropertyValueSpecification","valueRequired":true,"valueName":"search_term_string"}}],"inLanguage":"es"},{"@type":"Organization","@id":"https:\/\/centrourbano.com\/revista\/#organization","name":"Centro Urbano","url":"https:\/\/centrourbano.com\/revista\/","logo":{"@type":"ImageObject","inLanguage":"es","@id":"https:\/\/centrourbano.com\/revista\/#\/schema\/logo\/image\/","url":"https:\/\/centrourbano.com\/revista\/wp-content\/uploads\/web_CU_logo-1.png","contentUrl":"https:\/\/centrourbano.com\/revista\/wp-content\/uploads\/web_CU_logo-1.png","width":350,"height":91,"caption":"Centro Urbano"},"image":{"@id":"https:\/\/centrourbano.com\/revista\/#\/schema\/logo\/image\/"},"sameAs":["https:\/\/www.facebook.com\/portalcentrourbano","https:\/\/x.com\/CentroUrbano","https:\/\/www.instagram.com\/centro_urbano\/","https:\/\/www.linkedin.com\/company\/centro-urbano\/","http:\/\/www.youtube.com\/user\/portalcentrourbano"]}]}},"_links":{"self":[{"href":"https:\/\/centrourbano.com\/revista\/wp-json\/wp\/v2\/pages\/51199","targetHints":{"allow":["GET"]}}],"collection":[{"href":"https:\/\/centrourbano.com\/revista\/wp-json\/wp\/v2\/pages"}],"about":[{"href":"https:\/\/centrourbano.com\/revista\/wp-json\/wp\/v2\/types\/page"}],"author":[{"embeddable":true,"href":"https:\/\/centrourbano.com\/revista\/wp-json\/wp\/v2\/users\/1"}],"replies":[{"embeddable":true,"href":"https:\/\/centrourbano.com\/revista\/wp-json\/wp\/v2\/comments?post=51199"}],"version-history":[{"count":10,"href":"https:\/\/centrourbano.com\/revista\/wp-json\/wp\/v2\/pages\/51199\/revisions"}],"predecessor-version":[{"id":72862,"href":"https:\/\/centrourbano.com\/revista\/wp-json\/wp\/v2\/pages\/51199\/revisions\/72862"}],"wp:featuredmedia":[{"embeddable":true,"href":"https:\/\/centrourbano.com\/revista\/wp-json\/wp\/v2\/media\/51369"}],"wp:attachment":[{"href":"https:\/\/centrourbano.com\/revista\/wp-json\/wp\/v2\/media?parent=51199"}],"curies":[{"name":"wp","href":"https:\/\/api.w.org\/{rel}","templated":true}]}}