{"id":22868,"date":"2015-08-29T10:55:24","date_gmt":"2015-08-29T15:55:24","guid":{"rendered":"http:\/\/centrourbano.com\/?page_id=22868"},"modified":"2021-05-17T01:39:42","modified_gmt":"2021-05-17T06:39:42","slug":"quienes-somos","status":"publish","type":"page","link":"https:\/\/centrourbano.com\/revista\/quienes-somos\/","title":{"rendered":"Qui\u00e9nes somos"},"content":{"rendered":"<p><strong>Centro Urbano<\/strong> nace a partir de la visi\u00f3n y necesidad de impulsar un proyecto de comunicaci\u00f3n con el prop\u00f3sito de difundir y promover informaci\u00f3n oportuna sobre temas relacionados con los sectores vivienda, construcci\u00f3n, arquitectura e inmobiliario, tanto en M\u00e9xico como en el resto del mundo.<\/p>\n<p>Somos un grupo multiplataforma de comunicaci\u00f3n especializado y ofrecemos servicios servicios editoriales, comerciales, consultor\u00eda, social media, servicio de organizaci\u00f3n de eventos a nivel nacional e internacional, publicidad impresa y digital.<\/p>\n<p>Contamos con un cat\u00e1logo de medios propios como son el <a href=\"http:\/\/periodicomicasa.com.mx\/\" target=\"_blank\" rel=\"noopener\"><strong>Peri\u00f3dico Mi Casa<\/strong><\/a> y las revistas <a href=\"http:\/\/twitter.com\/ViviendaRevista\" target=\"_blank\" rel=\"noopener\"><strong>Vivienda<\/strong><\/a>, <strong><a href=\"http:\/\/twitter.com\/InversionInmob\" target=\"_blank\" rel=\"noopener\">Inversi\u00f3n Inmobiliaria<\/a><\/strong> y <strong><a href=\"http:\/\/hombresymujeresdelacasa.com\" target=\"_blank\" rel=\"noopener\">Hombres y Mujeres de la Casa Magazine.<\/a><\/strong><\/p>\n<p>Estamos a cargo de la edici\u00f3n de libros especializados de arquitectura, ciudad, vivienda y arte, los cuales suman 26 t\u00edtulos con un tiraje de m\u00e1s de 150,000 ejemplares. Entre ellos destaca la serie <strong><a href=\"http:\/\/hombresymujeresdelacasa.com\/\" target=\"_blank\" rel=\"noopener\">Hombres y Mujeres de la Casa<\/a><\/strong>.<\/p>\n<p>Centro Urbano es adem\u00e1s, un portal informativo con reportajes, entrevistas, videos, sala de prensa y noticias especializadas, por lo que se consolida con m\u00e1s de 15 a\u00f1os de experiencia como uno de los sitios l\u00edderes del sector.<\/p>\n<p>Dentro de nuestros proyectos resalta la entrega del premio <strong><a href=\"http:\/\/hombresymujeresdelacasa.com\/\" target=\"_blank\" rel=\"noopener\">Hombres y Mujeres de la Casa<\/a><\/strong>, que durante m\u00e1s de una d\u00e9cada de historia ha reunido a quienes dirigen las empresas y organismos m\u00e1s importantes del sector inmobiliario nacional, convirti\u00e9ndose en el evento m\u00e1s destacado de esta industria.<\/p>\n<p>Con m\u00e1s de 15 a\u00f1os de experiencia, nos consolidamos como l\u00edderes del sector.<\/p>\n<img loading=\"lazy\" decoding=\"async\" class=\"size-full wp-image-52428 alignnone\" src=\"https:\/\/centrourbano.com\/revista\/wp-content\/uploads\/equipo.png\" alt=\"\" width=\"436\" height=\"49\" srcset=\"https:\/\/centrourbano.com\/revista\/wp-content\/uploads\/equipo.png 436w, https:\/\/centrourbano.com\/revista\/wp-content\/uploads\/equipo-300x34.png 300w\" sizes=\"auto, (max-width: 436px) 100vw, 436px\" \/>\n<p><strong>Horacio Urbano<\/strong>\u00a0<strong>|<\/strong>\u00a0<span style=\"color: #3b3b3b;\">Presidente\u00a0<\/span><br \/>\n<strong>Roxana Fabris<\/strong>\u00a0<strong>|<\/strong>\u00a0<span style=\"color: #3b3b3b;\">Directora General<\/span><\/p>\n<p><!--more--><\/p>\n<div><strong>Edgar Rosas<\/strong>\u00a0| Editor en Jefe<\/div>\n<div><strong>Dinorah Nava<\/strong> | Editora de Contenidos y Estrategias Digitales<\/div>\n<div><strong>Fernanda Hern\u00e1ndez<\/strong> | Reportera<\/div>\n<div><b>Aar\u00f3n Ram\u00edrez <\/b>| Becario<\/div>\n<div><\/div>\n<div><\/div>\n<div><\/div>\n<div><!--more--><\/div>\n<div><\/div>\n<div><strong>\u00c1ngel Ru\u00edz<\/strong>\u00a0| Gerente de Dise\u00f1o y Producci\u00f3n<\/div>\n<div><strong>Armando Mart\u00ednez<\/strong> | Dise\u00f1ador<\/div>\n","protected":false},"excerpt":{"rendered":"<p>Centro Urbano nace a partir de la visi\u00f3n y necesidad de impulsar un proyecto de comunicaci\u00f3n con el prop\u00f3sito de difundir y promover informaci\u00f3n oportuna sobre temas relacionados con los sectores vivienda, construcci\u00f3n, arquitectura e inmobiliario, tanto en M\u00e9xico como en el resto del mundo. Somos un grupo multiplataforma de comunicaci\u00f3n especializado y ofrecemos servicios [&hellip;]<\/p>\n","protected":false},"author":1,"featured_media":0,"parent":0,"menu_order":0,"comment_status":"closed","ping_status":"closed","template":"","meta":{"om_disable_all_campaigns":false,"inline_featured_image":false,"_monsterinsights_skip_tracking":false,"_monsterinsights_sitenote_active":false,"_monsterinsights_sitenote_note":"","_monsterinsights_sitenote_category":0,"footnotes":""},"class_list":["post-22868","page","type-page","status-publish","hentry"],"yoast_head":"<!-- This site is optimized with the Yoast SEO plugin v27.4 - https:\/\/yoast.com\/product\/yoast-seo-wordpress\/ -->\n<title>Qui\u00e9nes somos - Centro Urbano<\/title>\n<meta name=\"robots\" content=\"index, follow, max-snippet:-1, max-image-preview:large, max-video-preview:-1\" \/>\n<link rel=\"canonical\" href=\"https:\/\/centrourbano.com\/revista\/quienes-somos\/\" \/>\n<meta property=\"og:locale\" content=\"es_ES\" \/>\n<meta property=\"og:type\" content=\"article\" \/>\n<meta property=\"og:title\" content=\"Qui\u00e9nes somos - Centro Urbano\" \/>\n<meta property=\"og:description\" content=\"Centro Urbano nace a partir de la visi\u00f3n y necesidad de impulsar un proyecto de comunicaci\u00f3n con el prop\u00f3sito de difundir y promover informaci\u00f3n oportuna sobre temas relacionados con los sectores vivienda, construcci\u00f3n, arquitectura e inmobiliario, tanto en M\u00e9xico como en el resto del mundo. Somos un grupo multiplataforma de comunicaci\u00f3n especializado y ofrecemos servicios [&hellip;]\" \/>\n<meta property=\"og:url\" content=\"https:\/\/centrourbano.com\/revista\/quienes-somos\/\" \/>\n<meta property=\"og:site_name\" content=\"Centro Urbano\" \/>\n<meta property=\"article:publisher\" content=\"https:\/\/www.facebook.com\/portalcentrourbano\" \/>\n<meta property=\"article:modified_time\" content=\"2021-05-17T06:39:42+00:00\" \/>\n<meta property=\"og:image\" content=\"https:\/\/centrourbano.com\/revista\/wp-content\/uploads\/equipo.png\" \/>\n<meta name=\"twitter:card\" content=\"summary_large_image\" \/>\n<meta name=\"twitter:site\" content=\"@CentroUrbano\" \/>\n<meta name=\"twitter:label1\" content=\"Tiempo de lectura\" \/>\n\t<meta name=\"twitter:data1\" content=\"2 minutos\" \/>\n<script type=\"application\/ld+json\" class=\"yoast-schema-graph\">{\"@context\":\"https:\\\/\\\/schema.org\",\"@graph\":[{\"@type\":\"WebPage\",\"@id\":\"https:\\\/\\\/centrourbano.com\\\/revista\\\/quienes-somos\\\/\",\"url\":\"https:\\\/\\\/centrourbano.com\\\/revista\\\/quienes-somos\\\/\",\"name\":\"Qui\u00e9nes somos - Centro Urbano\",\"isPartOf\":{\"@id\":\"https:\\\/\\\/centrourbano.com\\\/revista\\\/#website\"},\"primaryImageOfPage\":{\"@id\":\"https:\\\/\\\/centrourbano.com\\\/revista\\\/quienes-somos\\\/#primaryimage\"},\"image\":{\"@id\":\"https:\\\/\\\/centrourbano.com\\\/revista\\\/quienes-somos\\\/#primaryimage\"},\"thumbnailUrl\":\"https:\\\/\\\/centrourbano.com\\\/revista\\\/wp-content\\\/uploads\\\/equipo.png\",\"datePublished\":\"2015-08-29T15:55:24+00:00\",\"dateModified\":\"2021-05-17T06:39:42+00:00\",\"breadcrumb\":{\"@id\":\"https:\\\/\\\/centrourbano.com\\\/revista\\\/quienes-somos\\\/#breadcrumb\"},\"inLanguage\":\"es\",\"potentialAction\":[{\"@type\":\"ReadAction\",\"target\":[\"https:\\\/\\\/centrourbano.com\\\/revista\\\/quienes-somos\\\/\"]}]},{\"@type\":\"ImageObject\",\"inLanguage\":\"es\",\"@id\":\"https:\\\/\\\/centrourbano.com\\\/revista\\\/quienes-somos\\\/#primaryimage\",\"url\":\"https:\\\/\\\/centrourbano.com\\\/revista\\\/wp-content\\\/uploads\\\/equipo.png\",\"contentUrl\":\"https:\\\/\\\/centrourbano.com\\\/revista\\\/wp-content\\\/uploads\\\/equipo.png\",\"width\":436,\"height\":49},{\"@type\":\"BreadcrumbList\",\"@id\":\"https:\\\/\\\/centrourbano.com\\\/revista\\\/quienes-somos\\\/#breadcrumb\",\"itemListElement\":[{\"@type\":\"ListItem\",\"position\":1,\"name\":\"Portada\",\"item\":\"https:\\\/\\\/centrourbano.com\\\/revista\\\/\"},{\"@type\":\"ListItem\",\"position\":2,\"name\":\"Qui\u00e9nes somos\"}]},{\"@type\":\"WebSite\",\"@id\":\"https:\\\/\\\/centrourbano.com\\\/revista\\\/#website\",\"url\":\"https:\\\/\\\/centrourbano.com\\\/revista\\\/\",\"name\":\"Centro Urbano\",\"description\":\"Medio especializado en los sectores vivienda, inmobiliario, construcci\u00f3n, arquitectura y urbanismo.\",\"publisher\":{\"@id\":\"https:\\\/\\\/centrourbano.com\\\/revista\\\/#organization\"},\"potentialAction\":[{\"@type\":\"SearchAction\",\"target\":{\"@type\":\"EntryPoint\",\"urlTemplate\":\"https:\\\/\\\/centrourbano.com\\\/revista\\\/?s={search_term_string}\"},\"query-input\":{\"@type\":\"PropertyValueSpecification\",\"valueRequired\":true,\"valueName\":\"search_term_string\"}}],\"inLanguage\":\"es\"},{\"@type\":\"Organization\",\"@id\":\"https:\\\/\\\/centrourbano.com\\\/revista\\\/#organization\",\"name\":\"Centro Urbano\",\"url\":\"https:\\\/\\\/centrourbano.com\\\/revista\\\/\",\"logo\":{\"@type\":\"ImageObject\",\"inLanguage\":\"es\",\"@id\":\"https:\\\/\\\/centrourbano.com\\\/revista\\\/#\\\/schema\\\/logo\\\/image\\\/\",\"url\":\"https:\\\/\\\/centrourbano.com\\\/revista\\\/wp-content\\\/uploads\\\/web_CU_logo-1.png\",\"contentUrl\":\"https:\\\/\\\/centrourbano.com\\\/revista\\\/wp-content\\\/uploads\\\/web_CU_logo-1.png\",\"width\":350,\"height\":91,\"caption\":\"Centro Urbano\"},\"image\":{\"@id\":\"https:\\\/\\\/centrourbano.com\\\/revista\\\/#\\\/schema\\\/logo\\\/image\\\/\"},\"sameAs\":[\"https:\\\/\\\/www.facebook.com\\\/portalcentrourbano\",\"https:\\\/\\\/x.com\\\/CentroUrbano\",\"https:\\\/\\\/www.instagram.com\\\/centro_urbano\\\/\",\"https:\\\/\\\/www.linkedin.com\\\/company\\\/centro-urbano\\\/\",\"http:\\\/\\\/www.youtube.com\\\/user\\\/portalcentrourbano\"]}]}<\/script>\n<!-- \/ Yoast SEO plugin. -->","yoast_head_json":{"title":"Qui\u00e9nes somos - Centro Urbano","robots":{"index":"index","follow":"follow","max-snippet":"max-snippet:-1","max-image-preview":"max-image-preview:large","max-video-preview":"max-video-preview:-1"},"canonical":"https:\/\/centrourbano.com\/revista\/quienes-somos\/","og_locale":"es_ES","og_type":"article","og_title":"Qui\u00e9nes somos - Centro Urbano","og_description":"Centro Urbano nace a partir de la visi\u00f3n y necesidad de impulsar un proyecto de comunicaci\u00f3n con el prop\u00f3sito de difundir y promover informaci\u00f3n oportuna sobre temas relacionados con los sectores vivienda, construcci\u00f3n, arquitectura e inmobiliario, tanto en M\u00e9xico como en el resto del mundo. Somos un grupo multiplataforma de comunicaci\u00f3n especializado y ofrecemos servicios [&hellip;]","og_url":"https:\/\/centrourbano.com\/revista\/quienes-somos\/","og_site_name":"Centro Urbano","article_publisher":"https:\/\/www.facebook.com\/portalcentrourbano","article_modified_time":"2021-05-17T06:39:42+00:00","og_image":[{"url":"https:\/\/centrourbano.com\/revista\/wp-content\/uploads\/equipo.png","type":"","width":"","height":""}],"twitter_card":"summary_large_image","twitter_site":"@CentroUrbano","twitter_misc":{"Tiempo de lectura":"2 minutos"},"schema":{"@context":"https:\/\/schema.org","@graph":[{"@type":"WebPage","@id":"https:\/\/centrourbano.com\/revista\/quienes-somos\/","url":"https:\/\/centrourbano.com\/revista\/quienes-somos\/","name":"Qui\u00e9nes somos - Centro Urbano","isPartOf":{"@id":"https:\/\/centrourbano.com\/revista\/#website"},"primaryImageOfPage":{"@id":"https:\/\/centrourbano.com\/revista\/quienes-somos\/#primaryimage"},"image":{"@id":"https:\/\/centrourbano.com\/revista\/quienes-somos\/#primaryimage"},"thumbnailUrl":"https:\/\/centrourbano.com\/revista\/wp-content\/uploads\/equipo.png","datePublished":"2015-08-29T15:55:24+00:00","dateModified":"2021-05-17T06:39:42+00:00","breadcrumb":{"@id":"https:\/\/centrourbano.com\/revista\/quienes-somos\/#breadcrumb"},"inLanguage":"es","potentialAction":[{"@type":"ReadAction","target":["https:\/\/centrourbano.com\/revista\/quienes-somos\/"]}]},{"@type":"ImageObject","inLanguage":"es","@id":"https:\/\/centrourbano.com\/revista\/quienes-somos\/#primaryimage","url":"https:\/\/centrourbano.com\/revista\/wp-content\/uploads\/equipo.png","contentUrl":"https:\/\/centrourbano.com\/revista\/wp-content\/uploads\/equipo.png","width":436,"height":49},{"@type":"BreadcrumbList","@id":"https:\/\/centrourbano.com\/revista\/quienes-somos\/#breadcrumb","itemListElement":[{"@type":"ListItem","position":1,"name":"Portada","item":"https:\/\/centrourbano.com\/revista\/"},{"@type":"ListItem","position":2,"name":"Qui\u00e9nes somos"}]},{"@type":"WebSite","@id":"https:\/\/centrourbano.com\/revista\/#website","url":"https:\/\/centrourbano.com\/revista\/","name":"Centro Urbano","description":"Medio especializado en los sectores vivienda, inmobiliario, construcci\u00f3n, arquitectura y urbanismo.","publisher":{"@id":"https:\/\/centrourbano.com\/revista\/#organization"},"potentialAction":[{"@type":"SearchAction","target":{"@type":"EntryPoint","urlTemplate":"https:\/\/centrourbano.com\/revista\/?s={search_term_string}"},"query-input":{"@type":"PropertyValueSpecification","valueRequired":true,"valueName":"search_term_string"}}],"inLanguage":"es"},{"@type":"Organization","@id":"https:\/\/centrourbano.com\/revista\/#organization","name":"Centro Urbano","url":"https:\/\/centrourbano.com\/revista\/","logo":{"@type":"ImageObject","inLanguage":"es","@id":"https:\/\/centrourbano.com\/revista\/#\/schema\/logo\/image\/","url":"https:\/\/centrourbano.com\/revista\/wp-content\/uploads\/web_CU_logo-1.png","contentUrl":"https:\/\/centrourbano.com\/revista\/wp-content\/uploads\/web_CU_logo-1.png","width":350,"height":91,"caption":"Centro Urbano"},"image":{"@id":"https:\/\/centrourbano.com\/revista\/#\/schema\/logo\/image\/"},"sameAs":["https:\/\/www.facebook.com\/portalcentrourbano","https:\/\/x.com\/CentroUrbano","https:\/\/www.instagram.com\/centro_urbano\/","https:\/\/www.linkedin.com\/company\/centro-urbano\/","http:\/\/www.youtube.com\/user\/portalcentrourbano"]}]}},"_links":{"self":[{"href":"https:\/\/centrourbano.com\/revista\/wp-json\/wp\/v2\/pages\/22868","targetHints":{"allow":["GET"]}}],"collection":[{"href":"https:\/\/centrourbano.com\/revista\/wp-json\/wp\/v2\/pages"}],"about":[{"href":"https:\/\/centrourbano.com\/revista\/wp-json\/wp\/v2\/types\/page"}],"author":[{"embeddable":true,"href":"https:\/\/centrourbano.com\/revista\/wp-json\/wp\/v2\/users\/1"}],"replies":[{"embeddable":true,"href":"https:\/\/centrourbano.com\/revista\/wp-json\/wp\/v2\/comments?post=22868"}],"version-history":[{"count":12,"href":"https:\/\/centrourbano.com\/revista\/wp-json\/wp\/v2\/pages\/22868\/revisions"}],"predecessor-version":[{"id":116998,"href":"https:\/\/centrourbano.com\/revista\/wp-json\/wp\/v2\/pages\/22868\/revisions\/116998"}],"wp:attachment":[{"href":"https:\/\/centrourbano.com\/revista\/wp-json\/wp\/v2\/media?parent=22868"}],"curies":[{"name":"wp","href":"https:\/\/api.w.org\/{rel}","templated":true}]}}