{"id":160,"date":"2013-10-29T17:07:31","date_gmt":"2013-10-29T17:07:31","guid":{"rendered":"http:\/\/centrourbano.com\/revista\/?page_id=160"},"modified":"2023-03-09T20:00:11","modified_gmt":"2023-03-10T02:00:11","slug":"privacidad","status":"publish","type":"page","link":"https:\/\/centrourbano.com\/revista\/privacidad\/","title":{"rendered":"Privacidad"},"content":{"rendered":"<p><strong>Aceleradora de inmobiliarias Mexicanas S.A. de C.V.<\/strong>, en lo sucesivo referidas para efectos del presente Aviso como <strong>Centro Urbano<\/strong>, con domicilio para o\u00edr y recibir notificaciones en Av. Paseo de la Reforma 403 interior 1101, Colonia Cuauht\u00e9moc,\u00a0Alcald\u00eda Cuauht\u00e9moc, C.P. 06500, Ciudad de M\u00e9xico, recaba datos personales de sus clientes, proveedores y\/o lectores por lo que los usuarios determinan libre y voluntariamente si desean facilitar a <strong>Centro Urbano<\/strong> los datos personales, esto en cumplimiento a la Ley Federal de Protecci\u00f3n de Datos Personales en Posesi\u00f3n de los Particulares, siendo responsable de su tratamiento y comprometi\u00e9ndose a respetar la privacidad de los mismos, por lo que hace de su conocimiento que:<\/p>\n<p><strong>Centro Urbano<\/strong> recaba datos personales de manera personal y directa cuando el titular acude a nuestras oficinas, o bien por medios electr\u00f3nicos, a trav\u00e9s del sitio <a href=\"http:\/\/www.centrourbano.com\" target=\"_blank\" rel=\"noopener noreferrer\"><strong>www.centrourbano.com<\/strong><\/a>, as\u00ed como por otras fuentes permitidas por la Ley.<\/p>\n<p>Los datos personales que recabamos (nombre, edad, domicilio, tel\u00e9fono, correo electr\u00f3nico) son utilizados \u00fanica y exclusivamente para las siguientes finalidades que son necesarias para el servicio que solicita:<\/p>\n<ul>\n<li>Proveer los servicios y productos que solicitan.<\/li>\n<li>Notificar sobre nuevos servicios o productos que tengan relaci\u00f3n con los ya contratados o adquiridos.<\/li>\n<li>Comunicar los cambios en el mismo.<\/li>\n<li>Elaborar estudios y programas que son necesarios para determinar h\u00e1bitos de consumo.<\/li>\n<li>Mercadotecnia o publicitaria.<\/li>\n<li>Prospecci\u00f3n comercial.<\/li>\n<\/ul>\n<p>Los datos personales se encuentran restringidos, se except\u00faan aquellos que se encuentran en fuentes de acceso p\u00fablico y los proporcionados por los usuarios que participen en la secci\u00f3n de comentarios sobre notas publicadas en nuestros sitios de internet o en los foros en l\u00ednea.<\/p>\n<p>Es posible que dentro de los sitios web de <strong>Centro Urbano<\/strong> se alojen enlaces a sitios de terceros ajenos a nosotros, en los que no tenemos control sobre los mismos, por lo que invitamos a nuestros lectores a revisar las pol\u00edticas de privacidad de dichos sitios.<\/p>\n<p>Para prevenir el acceso, uso y divulgaci\u00f3n no autorizados de los datos personales, <strong>Centro Urbano<\/strong> garantiza su trato adecuado. El titular de los datos personales podr\u00e1 hacer uso de sus datos para ejercer sus derechos ARCO (Acceso, rectificaci\u00f3n, cancelaci\u00f3n y oposici\u00f3n) de los mismos, para ello, Centro Urbano pone a disposici\u00f3n la l\u00ednea 5687-4873 con el \u00e1rea de Administraci\u00f3n o en la oficina ubicada en Av. Paseo de la Reforma #403 interior 1101, Colonia Cuauht\u00e9moc,\u00a0Alcald\u00eda Cuauht\u00e9moc, C.P. 06500, Ciudad de M\u00e9xico. Centro Urbano se compromete a dar seguimiento e informar sobre la solicitud.<\/p>\n","protected":false},"excerpt":{"rendered":"<p>Aceleradora de inmobiliarias Mexicanas S.A. de C.V., en lo sucesivo referidas para efectos del presente Aviso como Centro Urbano, con domicilio para o\u00edr y recibir notificaciones en Av. Paseo de la Reforma 403 interior 1101, Colonia Cuauht\u00e9moc,\u00a0Alcald\u00eda Cuauht\u00e9moc, C.P. 06500, Ciudad de M\u00e9xico, recaba datos personales de sus clientes, proveedores y\/o lectores por lo que [&hellip;]<\/p>\n","protected":false},"author":1,"featured_media":0,"parent":0,"menu_order":0,"comment_status":"open","ping_status":"closed","template":"","meta":{"om_disable_all_campaigns":false,"inline_featured_image":false,"_monsterinsights_skip_tracking":false,"_monsterinsights_sitenote_active":false,"_monsterinsights_sitenote_note":"","_monsterinsights_sitenote_category":0,"footnotes":""},"class_list":["post-160","page","type-page","status-publish","hentry"],"yoast_head":"<!-- This site is optimized with the Yoast SEO plugin v27.3 - https:\/\/yoast.com\/product\/yoast-seo-wordpress\/ -->\n<title>Privacidad - Centro Urbano<\/title>\n<meta name=\"robots\" content=\"index, follow, max-snippet:-1, max-image-preview:large, max-video-preview:-1\" \/>\n<link rel=\"canonical\" href=\"https:\/\/centrourbano.com\/revista\/privacidad\/\" \/>\n<meta property=\"og:locale\" content=\"es_ES\" \/>\n<meta property=\"og:type\" content=\"article\" \/>\n<meta property=\"og:title\" content=\"Privacidad - Centro Urbano\" \/>\n<meta property=\"og:description\" content=\"Aceleradora de inmobiliarias Mexicanas S.A. de C.V., en lo sucesivo referidas para efectos del presente Aviso como Centro Urbano, con domicilio para o\u00edr y recibir notificaciones en Av. Paseo de la Reforma 403 interior 1101, Colonia Cuauht\u00e9moc,\u00a0Alcald\u00eda Cuauht\u00e9moc, C.P. 06500, Ciudad de M\u00e9xico, recaba datos personales de sus clientes, proveedores y\/o lectores por lo que [&hellip;]\" \/>\n<meta property=\"og:url\" content=\"https:\/\/centrourbano.com\/revista\/privacidad\/\" \/>\n<meta property=\"og:site_name\" content=\"Centro Urbano\" \/>\n<meta property=\"article:publisher\" content=\"https:\/\/www.facebook.com\/portalcentrourbano\" \/>\n<meta property=\"article:modified_time\" content=\"2023-03-10T02:00:11+00:00\" \/>\n<meta property=\"og:image\" content=\"https:\/\/centrourbano.com\/revista\/wp-content\/uploads\/CU-logo.png\" \/>\n\t<meta property=\"og:image:width\" content=\"350\" \/>\n\t<meta property=\"og:image:height\" content=\"91\" \/>\n\t<meta property=\"og:image:type\" content=\"image\/png\" \/>\n<meta name=\"twitter:card\" content=\"summary_large_image\" \/>\n<meta name=\"twitter:site\" content=\"@CentroUrbano\" \/>\n<meta name=\"twitter:label1\" content=\"Tiempo de lectura\" \/>\n\t<meta name=\"twitter:data1\" content=\"2 minutos\" \/>\n<script type=\"application\/ld+json\" class=\"yoast-schema-graph\">{\"@context\":\"https:\\\/\\\/schema.org\",\"@graph\":[{\"@type\":\"WebPage\",\"@id\":\"https:\\\/\\\/centrourbano.com\\\/revista\\\/privacidad\\\/\",\"url\":\"https:\\\/\\\/centrourbano.com\\\/revista\\\/privacidad\\\/\",\"name\":\"Privacidad - Centro Urbano\",\"isPartOf\":{\"@id\":\"https:\\\/\\\/centrourbano.com\\\/revista\\\/#website\"},\"datePublished\":\"2013-10-29T17:07:31+00:00\",\"dateModified\":\"2023-03-10T02:00:11+00:00\",\"breadcrumb\":{\"@id\":\"https:\\\/\\\/centrourbano.com\\\/revista\\\/privacidad\\\/#breadcrumb\"},\"inLanguage\":\"es\",\"potentialAction\":[{\"@type\":\"ReadAction\",\"target\":[\"https:\\\/\\\/centrourbano.com\\\/revista\\\/privacidad\\\/\"]}]},{\"@type\":\"BreadcrumbList\",\"@id\":\"https:\\\/\\\/centrourbano.com\\\/revista\\\/privacidad\\\/#breadcrumb\",\"itemListElement\":[{\"@type\":\"ListItem\",\"position\":1,\"name\":\"Portada\",\"item\":\"https:\\\/\\\/centrourbano.com\\\/revista\\\/\"},{\"@type\":\"ListItem\",\"position\":2,\"name\":\"Privacidad\"}]},{\"@type\":\"WebSite\",\"@id\":\"https:\\\/\\\/centrourbano.com\\\/revista\\\/#website\",\"url\":\"https:\\\/\\\/centrourbano.com\\\/revista\\\/\",\"name\":\"Centro Urbano\",\"description\":\"Medio especializado en los sectores vivienda, inmobiliario, construcci\u00f3n, arquitectura y urbanismo.\",\"publisher\":{\"@id\":\"https:\\\/\\\/centrourbano.com\\\/revista\\\/#organization\"},\"potentialAction\":[{\"@type\":\"SearchAction\",\"target\":{\"@type\":\"EntryPoint\",\"urlTemplate\":\"https:\\\/\\\/centrourbano.com\\\/revista\\\/?s={search_term_string}\"},\"query-input\":{\"@type\":\"PropertyValueSpecification\",\"valueRequired\":true,\"valueName\":\"search_term_string\"}}],\"inLanguage\":\"es\"},{\"@type\":\"Organization\",\"@id\":\"https:\\\/\\\/centrourbano.com\\\/revista\\\/#organization\",\"name\":\"Centro Urbano\",\"url\":\"https:\\\/\\\/centrourbano.com\\\/revista\\\/\",\"logo\":{\"@type\":\"ImageObject\",\"inLanguage\":\"es\",\"@id\":\"https:\\\/\\\/centrourbano.com\\\/revista\\\/#\\\/schema\\\/logo\\\/image\\\/\",\"url\":\"https:\\\/\\\/centrourbano.com\\\/revista\\\/wp-content\\\/uploads\\\/web_CU_logo-1.png\",\"contentUrl\":\"https:\\\/\\\/centrourbano.com\\\/revista\\\/wp-content\\\/uploads\\\/web_CU_logo-1.png\",\"width\":350,\"height\":91,\"caption\":\"Centro Urbano\"},\"image\":{\"@id\":\"https:\\\/\\\/centrourbano.com\\\/revista\\\/#\\\/schema\\\/logo\\\/image\\\/\"},\"sameAs\":[\"https:\\\/\\\/www.facebook.com\\\/portalcentrourbano\",\"https:\\\/\\\/x.com\\\/CentroUrbano\",\"https:\\\/\\\/www.instagram.com\\\/centro_urbano\\\/\",\"https:\\\/\\\/www.linkedin.com\\\/company\\\/centro-urbano\\\/\",\"http:\\\/\\\/www.youtube.com\\\/user\\\/portalcentrourbano\"]}]}<\/script>\n<!-- \/ Yoast SEO plugin. -->","yoast_head_json":{"title":"Privacidad - Centro Urbano","robots":{"index":"index","follow":"follow","max-snippet":"max-snippet:-1","max-image-preview":"max-image-preview:large","max-video-preview":"max-video-preview:-1"},"canonical":"https:\/\/centrourbano.com\/revista\/privacidad\/","og_locale":"es_ES","og_type":"article","og_title":"Privacidad - Centro Urbano","og_description":"Aceleradora de inmobiliarias Mexicanas S.A. de C.V., en lo sucesivo referidas para efectos del presente Aviso como Centro Urbano, con domicilio para o\u00edr y recibir notificaciones en Av. Paseo de la Reforma 403 interior 1101, Colonia Cuauht\u00e9moc,\u00a0Alcald\u00eda Cuauht\u00e9moc, C.P. 06500, Ciudad de M\u00e9xico, recaba datos personales de sus clientes, proveedores y\/o lectores por lo que [&hellip;]","og_url":"https:\/\/centrourbano.com\/revista\/privacidad\/","og_site_name":"Centro Urbano","article_publisher":"https:\/\/www.facebook.com\/portalcentrourbano","article_modified_time":"2023-03-10T02:00:11+00:00","og_image":[{"width":350,"height":91,"url":"https:\/\/centrourbano.com\/revista\/wp-content\/uploads\/CU-logo.png","type":"image\/png"}],"twitter_card":"summary_large_image","twitter_site":"@CentroUrbano","twitter_misc":{"Tiempo de lectura":"2 minutos"},"schema":{"@context":"https:\/\/schema.org","@graph":[{"@type":"WebPage","@id":"https:\/\/centrourbano.com\/revista\/privacidad\/","url":"https:\/\/centrourbano.com\/revista\/privacidad\/","name":"Privacidad - Centro Urbano","isPartOf":{"@id":"https:\/\/centrourbano.com\/revista\/#website"},"datePublished":"2013-10-29T17:07:31+00:00","dateModified":"2023-03-10T02:00:11+00:00","breadcrumb":{"@id":"https:\/\/centrourbano.com\/revista\/privacidad\/#breadcrumb"},"inLanguage":"es","potentialAction":[{"@type":"ReadAction","target":["https:\/\/centrourbano.com\/revista\/privacidad\/"]}]},{"@type":"BreadcrumbList","@id":"https:\/\/centrourbano.com\/revista\/privacidad\/#breadcrumb","itemListElement":[{"@type":"ListItem","position":1,"name":"Portada","item":"https:\/\/centrourbano.com\/revista\/"},{"@type":"ListItem","position":2,"name":"Privacidad"}]},{"@type":"WebSite","@id":"https:\/\/centrourbano.com\/revista\/#website","url":"https:\/\/centrourbano.com\/revista\/","name":"Centro Urbano","description":"Medio especializado en los sectores vivienda, inmobiliario, construcci\u00f3n, arquitectura y urbanismo.","publisher":{"@id":"https:\/\/centrourbano.com\/revista\/#organization"},"potentialAction":[{"@type":"SearchAction","target":{"@type":"EntryPoint","urlTemplate":"https:\/\/centrourbano.com\/revista\/?s={search_term_string}"},"query-input":{"@type":"PropertyValueSpecification","valueRequired":true,"valueName":"search_term_string"}}],"inLanguage":"es"},{"@type":"Organization","@id":"https:\/\/centrourbano.com\/revista\/#organization","name":"Centro Urbano","url":"https:\/\/centrourbano.com\/revista\/","logo":{"@type":"ImageObject","inLanguage":"es","@id":"https:\/\/centrourbano.com\/revista\/#\/schema\/logo\/image\/","url":"https:\/\/centrourbano.com\/revista\/wp-content\/uploads\/web_CU_logo-1.png","contentUrl":"https:\/\/centrourbano.com\/revista\/wp-content\/uploads\/web_CU_logo-1.png","width":350,"height":91,"caption":"Centro Urbano"},"image":{"@id":"https:\/\/centrourbano.com\/revista\/#\/schema\/logo\/image\/"},"sameAs":["https:\/\/www.facebook.com\/portalcentrourbano","https:\/\/x.com\/CentroUrbano","https:\/\/www.instagram.com\/centro_urbano\/","https:\/\/www.linkedin.com\/company\/centro-urbano\/","http:\/\/www.youtube.com\/user\/portalcentrourbano"]}]}},"_links":{"self":[{"href":"https:\/\/centrourbano.com\/revista\/wp-json\/wp\/v2\/pages\/160","targetHints":{"allow":["GET"]}}],"collection":[{"href":"https:\/\/centrourbano.com\/revista\/wp-json\/wp\/v2\/pages"}],"about":[{"href":"https:\/\/centrourbano.com\/revista\/wp-json\/wp\/v2\/types\/page"}],"author":[{"embeddable":true,"href":"https:\/\/centrourbano.com\/revista\/wp-json\/wp\/v2\/users\/1"}],"replies":[{"embeddable":true,"href":"https:\/\/centrourbano.com\/revista\/wp-json\/wp\/v2\/comments?post=160"}],"version-history":[{"count":5,"href":"https:\/\/centrourbano.com\/revista\/wp-json\/wp\/v2\/pages\/160\/revisions"}],"predecessor-version":[{"id":138556,"href":"https:\/\/centrourbano.com\/revista\/wp-json\/wp\/v2\/pages\/160\/revisions\/138556"}],"wp:attachment":[{"href":"https:\/\/centrourbano.com\/revista\/wp-json\/wp\/v2\/media?parent=160"}],"curies":[{"name":"wp","href":"https:\/\/api.w.org\/{rel}","templated":true}]}}