{"id":156,"date":"2013-10-29T17:02:49","date_gmt":"2013-10-29T17:02:49","guid":{"rendered":"http:\/\/centrourbano.com\/revista\/?page_id=156"},"modified":"2021-05-17T01:39:17","modified_gmt":"2021-05-17T06:39:17","slug":"nosotros","status":"publish","type":"page","link":"https:\/\/centrourbano.com\/revista\/nosotros\/","title":{"rendered":"Nosotros"},"content":{"rendered":"<p><strong>CENTRO URBANO<\/strong><\/p>\n<p><b><!--more--><\/b><\/p>\n<p>Somos una empresa Editorial creada en abril de 1999 bajo la iniciativa de la arquitecta <strong>Roxana Fabris<\/strong> y el arquitecto <strong>Horacio Urbano<\/strong>.<\/p>\n<p><strong>Centro Urbano<\/strong> nace a partir de la visi\u00f3n y necesidad de impulsar un proyecto de comunicaci\u00f3n con el prop\u00f3sito de difundir y promover informaci\u00f3n oportuna sobre temas relacionados con los sectores vivienda, construcci\u00f3n, arquitectura e inmobiliario, tanto en M\u00e9xico como en el resto del mundo.<\/p>\n<p>Durante una d\u00e9cada editamos las publicaciones especializadas para el sector vivienda y construcci\u00f3n del peri\u00f3dico El Economista, y hemos\u00a0editado y dise\u00f1ado, revistas y libros para diversas empresas y organismos como Conorevi, Conavi, Fovissste, Cihac, entre otros.<\/p>\n<p>Hoy en d\u00eda contamos con un cat\u00e1logo de medios propios como son el <strong>Peri\u00f3dico Mi Casa<\/strong> y las revistas <strong>Vivienda<\/strong>, <strong>Inversi\u00f3n Inmobiliaria<\/strong> y <strong>Hombres y Mujeres de la Casa Magazine<\/strong>, los cuales tambi\u00e9n se encuentran\u00a0disponible en iOS y Android; as\u00ed como la revista Construcci\u00f3n, dise\u00f1ada especialmente para plataformas digitales. Adem\u00e1s, todos nuestros productos cuentan con su propia familia Social Media, que ofrecen informaci\u00f3n extra a nuestros seguidores.<\/p>\n<p>Estamos a cargo de la edici\u00f3n de libros especializados de arquitectura, ciudad, vivienda y arte, los cuales suman 27 t\u00edtulos con un tiraje de m\u00e1s de 200,000 ejemplares. Entre ellos destaca la serie Hombres y Mujeres de la Casa.<\/p>\n<p>Como\u00a0grupo multiplataforma de comunicaci\u00f3n especializado, ofrecemos servicios editoriales, comerciales, consultor\u00eda, social media, servicio de organizaci\u00f3n de eventos a nivel nacional e internacional, publicidad impresa y digital.<\/p>\n<p>Centro Urbano es adem\u00e1s, un portal informativo con reportajes, entrevistas, videos, sala de prensa y noticias especializadas.\u00a0A la par, manejamos el portal periodicomicasa.com y hombresymujeresdelacasa.com, en donde publicamos\u00a0contenido extra que ofrece a nuestros lectores mayor informaci\u00f3n sobre los temas que le competen.<\/p>\n<p>Nuestra empresa\u00a0ha consolidado el proyecto de creaci\u00f3n de comunidad m\u00e1s importante del sector, a trav\u00e9s del concepto <strong>Hombres y Mujeres de la Casa<\/strong>, que hoy se integra por una revista trimestral, un libro, un sitio propio, una serie de desayunos y eventos con personalidades del sector, as\u00ed como un Premio anual otorgado por nuestro Consejo Editorial; este \u00faltimo\u00a0proyecto resalta\u00a0ya que\u00a0durante m\u00e1s de 15 a\u00f1os de historia ha reunido a quienes dirigen las empresas y organismos m\u00e1s importantes del sector inmobiliario nacional, convirti\u00e9ndose en el evento m\u00e1s destacado de esta industria.<\/p>\n<p>Con m\u00e1s de 15 a\u00f1os de experiencia, nos consolidamos como l\u00edderes del sector.<!--more--><\/p>\n<p>&nbsp;<\/p>\n<p><strong>MISI\u00d3N<\/strong><\/p>\n<div align=\"center\">\n<hr align=\"center\" noshade=\"noshade\" size=\"1\" width=\"100%\" \/>\n<\/div>\n<p>Atender eficiente y oportunamente las necesidades de informaci\u00f3n de las empresas e instituciones que forman parte del sector vivienda y la construcci\u00f3n a trav\u00e9s de la creaci\u00f3n, acopio, difusi\u00f3n y distribuci\u00f3n de noticias, transformando la informaci\u00f3n en un valor activo, consolidando una organizaci\u00f3n que trabaja en la satisfacci\u00f3n de nuestros clientes, proveedores y lectores con servicios y productos de calidad, conformando, al mismo tiempo, un equipo de colaboradores con oportunidades desarrollo profesional y humano.<\/p>\n<p><strong>\u00a0<\/strong><\/p>\n<p><strong>VISI\u00d3N<\/strong><\/p>\n<div align=\"center\">\n<hr align=\"center\" noshade=\"noshade\" size=\"1\" width=\"100%\" \/>\n<\/div>\n<p>Ser una organizaci\u00f3n en continuo crecimiento, distinguida por ofrecer una excelente calidad en nuestros productos y servicios mismos que constituyan una fuente de referencia y consulta obligada para el an\u00e1lisis y seguimiento de los acontecimientos que inciden directa e indirectamente en el sector del cual somos part\u00edcipes. Mantener el liderazgo que nos ha dado presencia nacional y lograr un buen posicionamiento a nivel internacional para seguir contribuyendo positivamente con el avance del sector Construcci\u00f3n y Vivienda, actuando con un compromiso social y global. Seguir generando una red de oportunidades para el desarrollo profesional y personal de nuestros colaboradores.<\/p>\n<p><strong>\u00a0<\/strong><\/p>\n<p><strong>VALORES<\/strong><\/p>\n<div align=\"center\">\n<hr align=\"center\" noshade=\"noshade\" size=\"1\" width=\"100%\" \/>\n<\/div>\n<p>El compromiso de\u00a0<b>Centro Urbano<\/b>\u00a0se fundamenta en los siguientes principios:<\/p>\n<p><strong>Respeto.\u00a0<\/strong>Promovemos este valor como una pr\u00e1ctica diaria entre nuestros colaboradores, lectores, las empresas e instituciones del sector Construcci\u00f3n y Vivienda, as\u00ed como para la sociedad en general.<\/p>\n<p><strong>Cooperaci\u00f3n.\u00a0<\/strong>El trabajo en equipo es nuestra esencia.<\/p>\n<p><strong>Honestidad.\u00a0<\/strong>Materializada en cada una de nuestras publicaciones; generando una opini\u00f3n con un prop\u00f3sito reflexivo; comunicando con integridad y respeto. Actuamos con rectitud e integridad, manteniendo un trato equitativo con nuestro entorno.<\/p>\n<p><strong>Calidad.\u00a0<\/strong>Ofrecemos servicios y productos enfocados en la implementaci\u00f3n constante de est\u00e1ndares de calidad basados en la exactitud, puntualidad y autenticidad. Atendiendo las expectativas de nuestros clientes y lectores haciendo bien las cosas con el fin de satisfacer las necesidades de informaci\u00f3n del sector Construcci\u00f3n y Vivienda.<\/p>\n<p><strong>Compromiso.\u00a0<\/strong>Ante quienes han sido el motor de este plan, hemos asumido nuevas metas que reconocen que en torno a esta organizaci\u00f3n se ha creado una aut\u00e9ntica comunidad que ser\u00e1 punto de partida para generar nuevas estrategias. Buscamos una s\u00f3lida plataforma para seguir impulsando al sector Vivienda y Construcci\u00f3n.<\/p>\n<p><strong>Confianza.\u00a0<\/strong>Generamos confianza en cada una de nuestras acciones.<\/p>\n<p>&nbsp;<\/p>\n<img loading=\"lazy\" decoding=\"async\" class=\"size-full wp-image-52428 alignnone\" src=\"https:\/\/centrourbano.com\/revista\/wp-content\/uploads\/equipo.png\" alt=\"\" width=\"436\" height=\"49\" srcset=\"https:\/\/centrourbano.com\/revista\/wp-content\/uploads\/equipo.png 436w, https:\/\/centrourbano.com\/revista\/wp-content\/uploads\/equipo-300x34.png 300w\" sizes=\"auto, (max-width: 436px) 100vw, 436px\" \/>\n<p><strong>Horacio Urbano<\/strong>\u00a0<strong>|<\/strong> <span style=\"color: #3b3b3b;\">Presidente\u00a0<\/span><br \/>\n<strong>Roxana Fabris<\/strong>\u00a0<strong>|<\/strong> <span style=\"color: #3b3b3b;\">Directora General<\/span><!--more--><\/p>\n<div><strong>Edgar Rosas<\/strong> | Editor en Jefe<\/div>\n<div><strong>Dinorah Nava<\/strong> | Editora de Contenidos y Estrategias Digitales<\/div>\n<div><strong>Fernanda Hern\u00e1ndez<\/strong> | Reportera<\/div>\n<div><strong>Aar\u00f3n Ram\u00edrez<\/strong> | Becario<\/div>\n<div>\n<div><\/div>\n<\/div>\n<div><\/div>\n<p><!--more--><\/p>\n<div><strong>\u00c1ngel Ru\u00edz<\/strong> | Gerente de Dise\u00f1o y Producci\u00f3n<\/div>\n<div><strong>Armando Mart\u00ednez<\/strong>\u00a0| Dise\u00f1ador<\/div>\n<p>&nbsp;<\/p>\n","protected":false},"excerpt":{"rendered":"<p>CENTRO URBANO<\/p>\n","protected":false},"author":1,"featured_media":0,"parent":0,"menu_order":0,"comment_status":"open","ping_status":"closed","template":"","meta":{"om_disable_all_campaigns":false,"inline_featured_image":false,"_monsterinsights_skip_tracking":false,"_monsterinsights_sitenote_active":false,"_monsterinsights_sitenote_note":"","_monsterinsights_sitenote_category":0,"footnotes":""},"class_list":["post-156","page","type-page","status-publish","hentry"],"yoast_head":"<!-- This site is optimized with the Yoast SEO plugin v27.5 - https:\/\/yoast.com\/product\/yoast-seo-wordpress\/ -->\n<title>Nosotros - Centro Urbano<\/title>\n<meta name=\"robots\" content=\"index, follow, max-snippet:-1, max-image-preview:large, max-video-preview:-1\" \/>\n<link rel=\"canonical\" href=\"https:\/\/centrourbano.com\/revista\/nosotros\/\" \/>\n<meta property=\"og:locale\" content=\"es_ES\" \/>\n<meta property=\"og:type\" content=\"article\" \/>\n<meta property=\"og:title\" content=\"Nosotros - Centro Urbano\" \/>\n<meta property=\"og:description\" content=\"CENTRO URBANO\" \/>\n<meta property=\"og:url\" content=\"https:\/\/centrourbano.com\/revista\/nosotros\/\" \/>\n<meta property=\"og:site_name\" content=\"Centro Urbano\" \/>\n<meta property=\"article:publisher\" content=\"https:\/\/www.facebook.com\/portalcentrourbano\" \/>\n<meta property=\"article:modified_time\" content=\"2021-05-17T06:39:17+00:00\" \/>\n<meta property=\"og:image\" content=\"https:\/\/centrourbano.com\/revista\/wp-content\/uploads\/equipo.png\" \/>\n<meta name=\"twitter:card\" content=\"summary_large_image\" \/>\n<meta name=\"twitter:site\" content=\"@CentroUrbano\" \/>\n<meta name=\"twitter:label1\" content=\"Tiempo de lectura\" \/>\n\t<meta name=\"twitter:data1\" content=\"4 minutos\" \/>\n<script type=\"application\/ld+json\" class=\"yoast-schema-graph\">{\"@context\":\"https:\\\/\\\/schema.org\",\"@graph\":[{\"@type\":\"WebPage\",\"@id\":\"https:\\\/\\\/centrourbano.com\\\/revista\\\/nosotros\\\/\",\"url\":\"https:\\\/\\\/centrourbano.com\\\/revista\\\/nosotros\\\/\",\"name\":\"Nosotros - Centro Urbano\",\"isPartOf\":{\"@id\":\"https:\\\/\\\/centrourbano.com\\\/revista\\\/#website\"},\"primaryImageOfPage\":{\"@id\":\"https:\\\/\\\/centrourbano.com\\\/revista\\\/nosotros\\\/#primaryimage\"},\"image\":{\"@id\":\"https:\\\/\\\/centrourbano.com\\\/revista\\\/nosotros\\\/#primaryimage\"},\"thumbnailUrl\":\"https:\\\/\\\/centrourbano.com\\\/revista\\\/wp-content\\\/uploads\\\/equipo.png\",\"datePublished\":\"2013-10-29T17:02:49+00:00\",\"dateModified\":\"2021-05-17T06:39:17+00:00\",\"breadcrumb\":{\"@id\":\"https:\\\/\\\/centrourbano.com\\\/revista\\\/nosotros\\\/#breadcrumb\"},\"inLanguage\":\"es\",\"potentialAction\":[{\"@type\":\"ReadAction\",\"target\":[\"https:\\\/\\\/centrourbano.com\\\/revista\\\/nosotros\\\/\"]}]},{\"@type\":\"ImageObject\",\"inLanguage\":\"es\",\"@id\":\"https:\\\/\\\/centrourbano.com\\\/revista\\\/nosotros\\\/#primaryimage\",\"url\":\"https:\\\/\\\/centrourbano.com\\\/revista\\\/wp-content\\\/uploads\\\/equipo.png\",\"contentUrl\":\"https:\\\/\\\/centrourbano.com\\\/revista\\\/wp-content\\\/uploads\\\/equipo.png\",\"width\":436,\"height\":49},{\"@type\":\"BreadcrumbList\",\"@id\":\"https:\\\/\\\/centrourbano.com\\\/revista\\\/nosotros\\\/#breadcrumb\",\"itemListElement\":[{\"@type\":\"ListItem\",\"position\":1,\"name\":\"Portada\",\"item\":\"https:\\\/\\\/centrourbano.com\\\/revista\\\/\"},{\"@type\":\"ListItem\",\"position\":2,\"name\":\"Nosotros\"}]},{\"@type\":\"WebSite\",\"@id\":\"https:\\\/\\\/centrourbano.com\\\/revista\\\/#website\",\"url\":\"https:\\\/\\\/centrourbano.com\\\/revista\\\/\",\"name\":\"Centro Urbano\",\"description\":\"Medio especializado en los sectores vivienda, inmobiliario, construcci\u00f3n, arquitectura y urbanismo.\",\"publisher\":{\"@id\":\"https:\\\/\\\/centrourbano.com\\\/revista\\\/#organization\"},\"potentialAction\":[{\"@type\":\"SearchAction\",\"target\":{\"@type\":\"EntryPoint\",\"urlTemplate\":\"https:\\\/\\\/centrourbano.com\\\/revista\\\/?s={search_term_string}\"},\"query-input\":{\"@type\":\"PropertyValueSpecification\",\"valueRequired\":true,\"valueName\":\"search_term_string\"}}],\"inLanguage\":\"es\"},{\"@type\":\"Organization\",\"@id\":\"https:\\\/\\\/centrourbano.com\\\/revista\\\/#organization\",\"name\":\"Centro Urbano\",\"url\":\"https:\\\/\\\/centrourbano.com\\\/revista\\\/\",\"logo\":{\"@type\":\"ImageObject\",\"inLanguage\":\"es\",\"@id\":\"https:\\\/\\\/centrourbano.com\\\/revista\\\/#\\\/schema\\\/logo\\\/image\\\/\",\"url\":\"https:\\\/\\\/centrourbano.com\\\/revista\\\/wp-content\\\/uploads\\\/web_CU_logo-1.png\",\"contentUrl\":\"https:\\\/\\\/centrourbano.com\\\/revista\\\/wp-content\\\/uploads\\\/web_CU_logo-1.png\",\"width\":350,\"height\":91,\"caption\":\"Centro Urbano\"},\"image\":{\"@id\":\"https:\\\/\\\/centrourbano.com\\\/revista\\\/#\\\/schema\\\/logo\\\/image\\\/\"},\"sameAs\":[\"https:\\\/\\\/www.facebook.com\\\/portalcentrourbano\",\"https:\\\/\\\/x.com\\\/CentroUrbano\",\"https:\\\/\\\/www.instagram.com\\\/centro_urbano\\\/\",\"https:\\\/\\\/www.linkedin.com\\\/company\\\/centro-urbano\\\/\",\"http:\\\/\\\/www.youtube.com\\\/user\\\/portalcentrourbano\"]}]}<\/script>\n<!-- \/ Yoast SEO plugin. -->","yoast_head_json":{"title":"Nosotros - Centro Urbano","robots":{"index":"index","follow":"follow","max-snippet":"max-snippet:-1","max-image-preview":"max-image-preview:large","max-video-preview":"max-video-preview:-1"},"canonical":"https:\/\/centrourbano.com\/revista\/nosotros\/","og_locale":"es_ES","og_type":"article","og_title":"Nosotros - Centro Urbano","og_description":"CENTRO URBANO","og_url":"https:\/\/centrourbano.com\/revista\/nosotros\/","og_site_name":"Centro Urbano","article_publisher":"https:\/\/www.facebook.com\/portalcentrourbano","article_modified_time":"2021-05-17T06:39:17+00:00","og_image":[{"url":"https:\/\/centrourbano.com\/revista\/wp-content\/uploads\/equipo.png","type":"","width":"","height":""}],"twitter_card":"summary_large_image","twitter_site":"@CentroUrbano","twitter_misc":{"Tiempo de lectura":"4 minutos"},"schema":{"@context":"https:\/\/schema.org","@graph":[{"@type":"WebPage","@id":"https:\/\/centrourbano.com\/revista\/nosotros\/","url":"https:\/\/centrourbano.com\/revista\/nosotros\/","name":"Nosotros - Centro Urbano","isPartOf":{"@id":"https:\/\/centrourbano.com\/revista\/#website"},"primaryImageOfPage":{"@id":"https:\/\/centrourbano.com\/revista\/nosotros\/#primaryimage"},"image":{"@id":"https:\/\/centrourbano.com\/revista\/nosotros\/#primaryimage"},"thumbnailUrl":"https:\/\/centrourbano.com\/revista\/wp-content\/uploads\/equipo.png","datePublished":"2013-10-29T17:02:49+00:00","dateModified":"2021-05-17T06:39:17+00:00","breadcrumb":{"@id":"https:\/\/centrourbano.com\/revista\/nosotros\/#breadcrumb"},"inLanguage":"es","potentialAction":[{"@type":"ReadAction","target":["https:\/\/centrourbano.com\/revista\/nosotros\/"]}]},{"@type":"ImageObject","inLanguage":"es","@id":"https:\/\/centrourbano.com\/revista\/nosotros\/#primaryimage","url":"https:\/\/centrourbano.com\/revista\/wp-content\/uploads\/equipo.png","contentUrl":"https:\/\/centrourbano.com\/revista\/wp-content\/uploads\/equipo.png","width":436,"height":49},{"@type":"BreadcrumbList","@id":"https:\/\/centrourbano.com\/revista\/nosotros\/#breadcrumb","itemListElement":[{"@type":"ListItem","position":1,"name":"Portada","item":"https:\/\/centrourbano.com\/revista\/"},{"@type":"ListItem","position":2,"name":"Nosotros"}]},{"@type":"WebSite","@id":"https:\/\/centrourbano.com\/revista\/#website","url":"https:\/\/centrourbano.com\/revista\/","name":"Centro Urbano","description":"Medio especializado en los sectores vivienda, inmobiliario, construcci\u00f3n, arquitectura y urbanismo.","publisher":{"@id":"https:\/\/centrourbano.com\/revista\/#organization"},"potentialAction":[{"@type":"SearchAction","target":{"@type":"EntryPoint","urlTemplate":"https:\/\/centrourbano.com\/revista\/?s={search_term_string}"},"query-input":{"@type":"PropertyValueSpecification","valueRequired":true,"valueName":"search_term_string"}}],"inLanguage":"es"},{"@type":"Organization","@id":"https:\/\/centrourbano.com\/revista\/#organization","name":"Centro Urbano","url":"https:\/\/centrourbano.com\/revista\/","logo":{"@type":"ImageObject","inLanguage":"es","@id":"https:\/\/centrourbano.com\/revista\/#\/schema\/logo\/image\/","url":"https:\/\/centrourbano.com\/revista\/wp-content\/uploads\/web_CU_logo-1.png","contentUrl":"https:\/\/centrourbano.com\/revista\/wp-content\/uploads\/web_CU_logo-1.png","width":350,"height":91,"caption":"Centro Urbano"},"image":{"@id":"https:\/\/centrourbano.com\/revista\/#\/schema\/logo\/image\/"},"sameAs":["https:\/\/www.facebook.com\/portalcentrourbano","https:\/\/x.com\/CentroUrbano","https:\/\/www.instagram.com\/centro_urbano\/","https:\/\/www.linkedin.com\/company\/centro-urbano\/","http:\/\/www.youtube.com\/user\/portalcentrourbano"]}]}},"_links":{"self":[{"href":"https:\/\/centrourbano.com\/revista\/wp-json\/wp\/v2\/pages\/156","targetHints":{"allow":["GET"]}}],"collection":[{"href":"https:\/\/centrourbano.com\/revista\/wp-json\/wp\/v2\/pages"}],"about":[{"href":"https:\/\/centrourbano.com\/revista\/wp-json\/wp\/v2\/types\/page"}],"author":[{"embeddable":true,"href":"https:\/\/centrourbano.com\/revista\/wp-json\/wp\/v2\/users\/1"}],"replies":[{"embeddable":true,"href":"https:\/\/centrourbano.com\/revista\/wp-json\/wp\/v2\/comments?post=156"}],"version-history":[{"count":8,"href":"https:\/\/centrourbano.com\/revista\/wp-json\/wp\/v2\/pages\/156\/revisions"}],"predecessor-version":[{"id":116997,"href":"https:\/\/centrourbano.com\/revista\/wp-json\/wp\/v2\/pages\/156\/revisions\/116997"}],"wp:attachment":[{"href":"https:\/\/centrourbano.com\/revista\/wp-json\/wp\/v2\/media?parent=156"}],"curies":[{"name":"wp","href":"https:\/\/api.w.org\/{rel}","templated":true}]}}